{"id":14564,"date":"2023-09-12T14:24:59","date_gmt":"2023-09-12T12:24:59","guid":{"rendered":"https:\/\/www.tanzania-experience.com\/destinations\/ruaha-national-park-copy\/"},"modified":"2024-10-31T11:58:04","modified_gmt":"2024-10-31T10:58:04","slug":"tarangire-nationalpark","status":"publish","type":"page","link":"https:\/\/www.tanzania-experience.com\/de\/destinations\/tarangire-national-park\/","title":{"rendered":"Tarangire Nationalpark"},"content":{"rendered":"<p>Tarangire Nationalpark ist ein Traumreiseziel f\u00fcr Elefanten-Liebhaber. Im n\u00f6rdlichen Tansania gelegen, ist es die Heimat einer sehr speziellen geologischen Formation, dem Tarangire Fluss. W\u00e4hrend der Trockenzeit wirkt dieser kurvenreiche Fluss wie ein riesiger Magnet, der Unmengen von Tieren anzieht, die sich am Fluss niederlassen, bis der Regen zur\u00fcckkommt. Auf Safari kannst du zahllose Spuren sehen, die sich Richtung Fluss schl\u00e4ngeln. Diese Spuren sind das Ergebnis der massiven Fu\u00dfsohlen einer der gr\u00f6\u00dften Elefantenpopulation Tansanias. Der wundersch\u00f6ne Tarangire Nationalpark bietet au\u00dfergew\u00f6hnliche Wildtierbeobachtung, darunter auch L\u00f6wen und Leoparden, die entlang des Flusses residieren. \u00dcber 500 Vogelarten sorgen f\u00fcr herausragende M\u00f6glichkeiten der Vogelbeobachtung.<\/p>","protected":false},"excerpt":{"rendered":"<p>Tarangire National Park is for elephant lovers. Found in northern Tanzania, it is home to a very special geological formation, the Tarangire River. During the dry season, this winding river acts like a huge magnet, drawing numerous animals out of the landscape to reside at the river until the rains return. On safari, you can [&hellip;]<\/p>\n","protected":false},"author":4,"featured_media":14553,"parent":35,"menu_order":116,"comment_status":"closed","ping_status":"closed","template":"page-templates\/where-to-go-single-page.php","meta":{"_acf_changed":false,"footnotes":""},"class_list":["post-14564","page","type-page","status-publish","has-post-thumbnail","hentry"],"acf":[],"_links":{"self":[{"href":"https:\/\/www.tanzania-experience.com\/de\/wp-json\/wp\/v2\/pages\/14564","targetHints":{"allow":["GET"]}}],"collection":[{"href":"https:\/\/www.tanzania-experience.com\/de\/wp-json\/wp\/v2\/pages"}],"about":[{"href":"https:\/\/www.tanzania-experience.com\/de\/wp-json\/wp\/v2\/types\/page"}],"author":[{"embeddable":true,"href":"https:\/\/www.tanzania-experience.com\/de\/wp-json\/wp\/v2\/users\/4"}],"replies":[{"embeddable":true,"href":"https:\/\/www.tanzania-experience.com\/de\/wp-json\/wp\/v2\/comments?post=14564"}],"version-history":[{"count":9,"href":"https:\/\/www.tanzania-experience.com\/de\/wp-json\/wp\/v2\/pages\/14564\/revisions"}],"predecessor-version":[{"id":20245,"href":"https:\/\/www.tanzania-experience.com\/de\/wp-json\/wp\/v2\/pages\/14564\/revisions\/20245"}],"up":[{"embeddable":true,"href":"https:\/\/www.tanzania-experience.com\/de\/wp-json\/wp\/v2\/pages\/35"}],"wp:featuredmedia":[{"embeddable":true,"href":"https:\/\/www.tanzania-experience.com\/de\/wp-json\/wp\/v2\/media\/14553"}],"wp:attachment":[{"href":"https:\/\/www.tanzania-experience.com\/de\/wp-json\/wp\/v2\/media?parent=14564"}],"curies":[{"name":"wp","href":"https:\/\/api.w.org\/{rel}","templated":true}]}}