{"id":16566,"date":"2023-10-13T14:28:38","date_gmt":"2023-10-13T12:28:38","guid":{"rendered":"https:\/\/www.tanzania-experience.com\/what-to-do-in-tanzania\/photo-safaris-copy\/"},"modified":"2025-07-30T17:19:59","modified_gmt":"2025-07-30T15:19:59","slug":"ballon-safaris","status":"publish","type":"page","link":"https:\/\/www.tanzania-experience.com\/de\/what-to-do-in-tanzania\/balloon-safaris\/","title":{"rendered":"Ballonfahrten"},"content":{"rendered":"<p class=\"translation-block\">Eine Hei\u00dfluftballon-Safari ist ein Erlebnis, an das <strong>du dich ganz sicher f\u00fcr<\/strong> den Rest deines Lebens erinnern wirst.<\/p>\n\n\n\n<p class=\"translation-block\">Sanft steigt der Ballon in der Morgend\u00e4mmerung auf und <strong>er\u00f6ffnet dir den Blick auf den Sonnenaufgang<\/strong> \u00fcber Tansania \u2013 absolut magisch. Schwebe lautlos \u00fcber den Savannen mit den Wildtieren unter dir in Bewegung.<\/p>\n\n\n\n<p class=\"translation-block\">Nach jedem Flug, so will es die Tradition, wird auf dieses gemeinsame Erlebnis mit <strong>Champagner angesto\u00dfen<\/strong>.<\/p>\n\n\n\n<p class=\"translation-block\">Nach dem Sprudel im Busch wirst du zu einem riesigen Baum chauffiert, in dessen Schatten du  <strong> ein k\u00f6stliches Fr\u00fchst\u00fcck genie\u00dfen kannst<\/strong>.<\/p>\n\n\n\n<p class=\"translation-block\"><strong>Ein einmaliges Erlebnis<\/strong>, das du als Paar, in der Familie oder einer Gruppe bis zu 16 Personen teilen kannst.<\/p>","protected":false},"excerpt":{"rendered":"<p>Balloon safaris in Tanzania are an experience you will remember for the rest of your life. Rising gently in the twilight to see the sunrise over Tanzania is absolutely magical. Journey silently above the savannahs with the wildlife in action below. After every flight, tradition states that this shared experience will be celebrated with a [&hellip;]<\/p>\n","protected":false},"author":4,"featured_media":16569,"parent":36,"menu_order":60,"comment_status":"closed","ping_status":"closed","template":"page-templates\/what-to-do-single-page.php","meta":{"_acf_changed":false,"footnotes":""},"class_list":["post-16566","page","type-page","status-publish","has-post-thumbnail","hentry"],"acf":[],"_links":{"self":[{"href":"https:\/\/www.tanzania-experience.com\/de\/wp-json\/wp\/v2\/pages\/16566","targetHints":{"allow":["GET"]}}],"collection":[{"href":"https:\/\/www.tanzania-experience.com\/de\/wp-json\/wp\/v2\/pages"}],"about":[{"href":"https:\/\/www.tanzania-experience.com\/de\/wp-json\/wp\/v2\/types\/page"}],"author":[{"embeddable":true,"href":"https:\/\/www.tanzania-experience.com\/de\/wp-json\/wp\/v2\/users\/4"}],"replies":[{"embeddable":true,"href":"https:\/\/www.tanzania-experience.com\/de\/wp-json\/wp\/v2\/comments?post=16566"}],"version-history":[{"count":7,"href":"https:\/\/www.tanzania-experience.com\/de\/wp-json\/wp\/v2\/pages\/16566\/revisions"}],"predecessor-version":[{"id":21216,"href":"https:\/\/www.tanzania-experience.com\/de\/wp-json\/wp\/v2\/pages\/16566\/revisions\/21216"}],"up":[{"embeddable":true,"href":"https:\/\/www.tanzania-experience.com\/de\/wp-json\/wp\/v2\/pages\/36"}],"wp:featuredmedia":[{"embeddable":true,"href":"https:\/\/www.tanzania-experience.com\/de\/wp-json\/wp\/v2\/media\/16569"}],"wp:attachment":[{"href":"https:\/\/www.tanzania-experience.com\/de\/wp-json\/wp\/v2\/media?parent=16566"}],"curies":[{"name":"wp","href":"https:\/\/api.w.org\/{rel}","templated":true}]}}