{"id":16764,"date":"2023-11-02T13:40:59","date_gmt":"2023-11-02T12:40:59","guid":{"rendered":"https:\/\/www.tanzania-experience.com\/trekking\/kilimanjaro-copy\/"},"modified":"2025-07-29T16:52:34","modified_gmt":"2025-07-29T14:52:34","slug":"mount-meru","status":"publish","type":"page","link":"https:\/\/www.tanzania-experience.com\/de\/trekking\/mount-meru\/","title":{"rendered":"Mt Meru Besteigungen"},"content":{"rendered":"<p class=\"translation-block\">Mount Meru zu besteigen, Afrikas f\u00fcnfth\u00f6chsten Berg, ist <strong>ein wahres Afrika-Abenteuer<\/strong>.<\/p>\n\n\n\n<p>Du wirst wahrscheinlich Giraffen, B\u00fcffel, Paviane, Colobusaffen und Antilopen sehen. Auf jeden Fall wird ein Park-Ranger f\u00fcr deine Sicherheit sorgen und dich w\u00e4hrend der Wanderung auf dem Vulkanberg begleiten. <\/p>\n\n\n\n<p class=\"translation-block\">Im Vergleich zu Mount Kilimanjaro ist der Vorteil einer Wanderung auf dem Mount Meru der, dass hier <strong>weniger Menschen<\/strong> unterwegs sind. Au\u00dferdem dauert es <strong>nur vier Tage<\/strong>, den Gipfel zu erreichen und sicher wieder unten anzukommen.<\/p>\n\n\n\n<p>Obwohl einige Abschnitte der Strecke technisch anspruchsvoller sind als auf dem Kilimandscharo, ist es immer noch eine gute Wanderung f\u00fcr alle Erfahrungsstufen.\u00a0<\/p>","protected":false},"excerpt":{"rendered":"<p>To trek Mount Meru, Africa\u2019s fifth-highest mountain, is a true African adventure. You will likely see giraffes, buffaloes, baboons, colobus monkeys and antelope. However, a park ranger will keep you safe as they accompany you on this volcanic mountain trek. Compared to Mount Kilimanjaro, the benefit of trekking Mount Meru is that there are fewer [&hellip;]<\/p>\n","protected":false},"author":4,"featured_media":16766,"parent":2363,"menu_order":76,"comment_status":"closed","ping_status":"closed","template":"page-templates\/safari-single-page.php","meta":{"_acf_changed":false,"footnotes":""},"class_list":["post-16764","page","type-page","status-publish","has-post-thumbnail","hentry"],"acf":[],"_links":{"self":[{"href":"https:\/\/www.tanzania-experience.com\/de\/wp-json\/wp\/v2\/pages\/16764","targetHints":{"allow":["GET"]}}],"collection":[{"href":"https:\/\/www.tanzania-experience.com\/de\/wp-json\/wp\/v2\/pages"}],"about":[{"href":"https:\/\/www.tanzania-experience.com\/de\/wp-json\/wp\/v2\/types\/page"}],"author":[{"embeddable":true,"href":"https:\/\/www.tanzania-experience.com\/de\/wp-json\/wp\/v2\/users\/4"}],"replies":[{"embeddable":true,"href":"https:\/\/www.tanzania-experience.com\/de\/wp-json\/wp\/v2\/comments?post=16764"}],"version-history":[{"count":4,"href":"https:\/\/www.tanzania-experience.com\/de\/wp-json\/wp\/v2\/pages\/16764\/revisions"}],"predecessor-version":[{"id":21210,"href":"https:\/\/www.tanzania-experience.com\/de\/wp-json\/wp\/v2\/pages\/16764\/revisions\/21210"}],"up":[{"embeddable":true,"href":"https:\/\/www.tanzania-experience.com\/de\/wp-json\/wp\/v2\/pages\/2363"}],"wp:featuredmedia":[{"embeddable":true,"href":"https:\/\/www.tanzania-experience.com\/de\/wp-json\/wp\/v2\/media\/16766"}],"wp:attachment":[{"href":"https:\/\/www.tanzania-experience.com\/de\/wp-json\/wp\/v2\/media?parent=16764"}],"curies":[{"name":"wp","href":"https:\/\/api.w.org\/{rel}","templated":true}]}}