{"id":17585,"date":"2023-12-19T10:33:37","date_gmt":"2023-12-19T09:33:37","guid":{"rendered":"https:\/\/www.tanzania-experience.com\/destinations\/arusha-national-park-copy\/"},"modified":"2025-07-28T13:04:59","modified_gmt":"2025-07-28T11:04:59","slug":"sansibar","status":"publish","type":"page","link":"https:\/\/www.tanzania-experience.com\/de\/beach\/zanzibar\/","title":{"rendered":"Sansibar"},"content":{"rendered":"<p class=\"translation-block\">Der Sansibar-Archipel, eine halb-autonomische Region Tansanias, hat eine altert\u00fcmliche Geschichte, gepr\u00e4gt vom Gew\u00fcrzhandel.<\/p>\n\n\n\n<p class=\"translation-block\">Besuche auf deinem Tansania Strandurlaub Unguja Island, die gr\u00f6\u00dfte Insel und allgemein bekannt als Sansibar. Erkunde die Altstadt Stone Town mit ihrer <strong>unglaublichen Architektur<\/strong> und dunklen Geschichte, die den Handel mit versklavten Menschen ebenso einschlie\u00dft wie den mit Elfenbein und Gew\u00fcrzen.<\/p>\n\n\n\n<p class=\"translation-block\">Geh auf deinem Weg zu deiner <strong> Strandunterkunft<\/strong> auf eine Gew\u00fcrztour, um zahlreiche tropische Fr\u00fcchte und Gew\u00fcrze zu entdecken, zu testen und einiges \u00fcber sie zu lernen.<\/p>\n\n\n\n<p class=\"translation-block\">Genie\u00dfe in deiner Unterkunft <strong>k\u00f6stliches Essen und herzliche Gastlichkeit<\/strong>. Entspanne w\u00e4hrend des Tages an wundersch\u00f6nen Str\u00e4nden, w\u00e4hrend du traditionelle Dhaus beobachtest, die in den Wellen ferner Riffe reiten.<\/p>","protected":false},"excerpt":{"rendered":"<p>The Zanzibar archipelago, a semi-autonomous region of Tanzania, has an ancient history forged from the spice trade. Zanzibar beach holidays have it all: Visit Unguja Island, the largest island commonly known as Zanzibar, and explore the ancient city of Stone Town, with its incredible architecture and dark history that involved the trade of enslaved people [&hellip;]<\/p>\n","protected":false},"author":4,"featured_media":17596,"parent":17574,"menu_order":109,"comment_status":"closed","ping_status":"closed","template":"page-templates\/where-to-go-single-page.php","meta":{"_acf_changed":false,"footnotes":""},"class_list":["post-17585","page","type-page","status-publish","has-post-thumbnail","hentry"],"acf":[],"_links":{"self":[{"href":"https:\/\/www.tanzania-experience.com\/de\/wp-json\/wp\/v2\/pages\/17585","targetHints":{"allow":["GET"]}}],"collection":[{"href":"https:\/\/www.tanzania-experience.com\/de\/wp-json\/wp\/v2\/pages"}],"about":[{"href":"https:\/\/www.tanzania-experience.com\/de\/wp-json\/wp\/v2\/types\/page"}],"author":[{"embeddable":true,"href":"https:\/\/www.tanzania-experience.com\/de\/wp-json\/wp\/v2\/users\/4"}],"replies":[{"embeddable":true,"href":"https:\/\/www.tanzania-experience.com\/de\/wp-json\/wp\/v2\/comments?post=17585"}],"version-history":[{"count":7,"href":"https:\/\/www.tanzania-experience.com\/de\/wp-json\/wp\/v2\/pages\/17585\/revisions"}],"predecessor-version":[{"id":21186,"href":"https:\/\/www.tanzania-experience.com\/de\/wp-json\/wp\/v2\/pages\/17585\/revisions\/21186"}],"up":[{"embeddable":true,"href":"https:\/\/www.tanzania-experience.com\/de\/wp-json\/wp\/v2\/pages\/17574"}],"wp:featuredmedia":[{"embeddable":true,"href":"https:\/\/www.tanzania-experience.com\/de\/wp-json\/wp\/v2\/media\/17596"}],"wp:attachment":[{"href":"https:\/\/www.tanzania-experience.com\/de\/wp-json\/wp\/v2\/media?parent=17585"}],"curies":[{"name":"wp","href":"https:\/\/api.w.org\/{rel}","templated":true}]}}