{"id":17622,"date":"2023-12-20T13:35:07","date_gmt":"2023-12-20T12:35:07","guid":{"rendered":"https:\/\/www.tanzania-experience.com\/beach\/zanzibar-copy\/"},"modified":"2025-07-28T12:27:56","modified_gmt":"2025-07-28T10:27:56","slug":"pemba","status":"publish","type":"page","link":"https:\/\/www.tanzania-experience.com\/de\/beach\/pemba-island\/","title":{"rendered":"Pemba Island"},"content":{"rendered":"<p>Pemba Island, known as <strong>the &#8216;Green Island&#8217;<\/strong>, is home to forested hills, mangrove lagoons, and lush greenery.<\/p>\n\n\n\n<p class=\"translation-block\">Trotz seiner wundersch\u00f6nen Str\u00e4nde, landen dort <strong>weniger Besucher<\/strong> als auf ihrer besser bekannten Schwesterinsel Sansibar. Da Pemba einen eigenen Flughafen hat, ist es allerdings genauso einfach zu erreichen.<\/p>\n\n\n\n<p>Millions of clove trees are scattered throughout the island, earning it the <strong>nickname &#8216;Clove Island&#8217;<\/strong>.<\/p>\n\n\n\n<p class=\"translation-block\">Drau\u00dfen auf dem Meer ist die Pemba Channel Conservation Area ein maritimes Schutzgebiet f\u00fcr ein vielf\u00e4ltiges Marine- und Korallenleben. Das macht es zu <strong>einem Paradies f\u00fcr<\/strong> Taucher und Schnorchler. Besucher k\u00f6nnen sogar Gl\u00fcck haben und Meeresschildkr\u00f6ten oder migrierende Buckelwale entdecken.<\/p>","protected":false},"excerpt":{"rendered":"<p>Pemba Island, known as the &#8216;Green Island&#8217;, is home to forested hills, mangrove lagoons, and lush greenery. Despite its beautiful beaches, it receives fewer visitors than its well-publicised sister island, Zanzibar. However, with its own airport, reaching Pemba is just as easy. Millions of clove trees are scattered throughout the island, earning it the nickname [&hellip;]<\/p>\n","protected":false},"author":4,"featured_media":17634,"parent":17574,"menu_order":108,"comment_status":"closed","ping_status":"closed","template":"page-templates\/where-to-go-single-page.php","meta":{"_acf_changed":false,"footnotes":""},"class_list":["post-17622","page","type-page","status-publish","has-post-thumbnail","hentry"],"acf":[],"_links":{"self":[{"href":"https:\/\/www.tanzania-experience.com\/de\/wp-json\/wp\/v2\/pages\/17622","targetHints":{"allow":["GET"]}}],"collection":[{"href":"https:\/\/www.tanzania-experience.com\/de\/wp-json\/wp\/v2\/pages"}],"about":[{"href":"https:\/\/www.tanzania-experience.com\/de\/wp-json\/wp\/v2\/types\/page"}],"author":[{"embeddable":true,"href":"https:\/\/www.tanzania-experience.com\/de\/wp-json\/wp\/v2\/users\/4"}],"replies":[{"embeddable":true,"href":"https:\/\/www.tanzania-experience.com\/de\/wp-json\/wp\/v2\/comments?post=17622"}],"version-history":[{"count":7,"href":"https:\/\/www.tanzania-experience.com\/de\/wp-json\/wp\/v2\/pages\/17622\/revisions"}],"predecessor-version":[{"id":21181,"href":"https:\/\/www.tanzania-experience.com\/de\/wp-json\/wp\/v2\/pages\/17622\/revisions\/21181"}],"up":[{"embeddable":true,"href":"https:\/\/www.tanzania-experience.com\/de\/wp-json\/wp\/v2\/pages\/17574"}],"wp:featuredmedia":[{"embeddable":true,"href":"https:\/\/www.tanzania-experience.com\/de\/wp-json\/wp\/v2\/media\/17634"}],"wp:attachment":[{"href":"https:\/\/www.tanzania-experience.com\/de\/wp-json\/wp\/v2\/media?parent=17622"}],"curies":[{"name":"wp","href":"https:\/\/api.w.org\/{rel}","templated":true}]}}