{"id":1823,"date":"2021-09-10T09:49:56","date_gmt":"2021-09-10T07:49:56","guid":{"rendered":"https:\/\/www.tanzania-experience.com\/safaris\/lodge-copy\/"},"modified":"2025-07-21T12:41:09","modified_gmt":"2025-07-21T10:41:09","slug":"luxus","status":"publish","type":"page","link":"https:\/\/www.tanzania-experience.com\/de\/safaris\/luxury\/","title":{"rendered":"Luxus Safaris"},"content":{"rendered":"<p>F\u00fcr diejenigen, die stilvoll von der Welt abschalten wollen, sind Luxus Safaris die perfekte Option. Du kannst jedes Detail deiner Traumsafari selbst gestalten oder die Organisation einem unserer Reiseexperten \u00fcberlassen. In Tansania bedeutet Luxus nicht nur, unglaubliche Erlebnisse in au\u00dfergew\u00f6hnlichen Unterk\u00fcnften zu genie\u00dfen. Es bedeutet auch, abgeschiedene Gebiete Tansanias zu entdecken, die nur selten von anderen besucht werden.<\/p>","protected":false},"excerpt":{"rendered":"<p>For those looking to disconnect from the world in style, a luxury safari in Tanzania is the perfect option. You can design every detail of your dream safari or leave it up to one of our country experts to organise. In Tanzania, luxury doesn&#8217;t just mean incredible experiences while staying in world-class accommodations. It also [&hellip;]<\/p>\n","protected":false},"author":5,"featured_media":15342,"parent":32,"menu_order":74,"comment_status":"closed","ping_status":"closed","template":"page-templates\/safari-single-page.php","meta":{"_acf_changed":false,"footnotes":""},"class_list":["post-1823","page","type-page","status-publish","has-post-thumbnail","hentry"],"acf":[],"_links":{"self":[{"href":"https:\/\/www.tanzania-experience.com\/de\/wp-json\/wp\/v2\/pages\/1823","targetHints":{"allow":["GET"]}}],"collection":[{"href":"https:\/\/www.tanzania-experience.com\/de\/wp-json\/wp\/v2\/pages"}],"about":[{"href":"https:\/\/www.tanzania-experience.com\/de\/wp-json\/wp\/v2\/types\/page"}],"author":[{"embeddable":true,"href":"https:\/\/www.tanzania-experience.com\/de\/wp-json\/wp\/v2\/users\/5"}],"replies":[{"embeddable":true,"href":"https:\/\/www.tanzania-experience.com\/de\/wp-json\/wp\/v2\/comments?post=1823"}],"version-history":[{"count":7,"href":"https:\/\/www.tanzania-experience.com\/de\/wp-json\/wp\/v2\/pages\/1823\/revisions"}],"predecessor-version":[{"id":21119,"href":"https:\/\/www.tanzania-experience.com\/de\/wp-json\/wp\/v2\/pages\/1823\/revisions\/21119"}],"up":[{"embeddable":true,"href":"https:\/\/www.tanzania-experience.com\/de\/wp-json\/wp\/v2\/pages\/32"}],"wp:featuredmedia":[{"embeddable":true,"href":"https:\/\/www.tanzania-experience.com\/de\/wp-json\/wp\/v2\/media\/15342"}],"wp:attachment":[{"href":"https:\/\/www.tanzania-experience.com\/de\/wp-json\/wp\/v2\/media?parent=1823"}],"curies":[{"name":"wp","href":"https:\/\/api.w.org\/{rel}","templated":true}]}}