{"id":1846,"date":"2021-09-10T10:31:56","date_gmt":"2021-09-10T08:31:56","guid":{"rendered":"https:\/\/www.tanzania-experience.com\/safaris\/lodge-copy\/"},"modified":"2025-07-21T12:27:05","modified_gmt":"2025-07-21T10:27:05","slug":"camping","status":"publish","type":"page","link":"https:\/\/www.tanzania-experience.com\/de\/safaris\/camping\/","title":{"rendered":"Camping Safaris"},"content":{"rendered":"<p>Unsere Adventure Camping Safaris bringen dich \u201eback to basics\u201c. Hier kannst du ganz in Tansanias Natur eintauchen. Erz\u00e4hle am Lagerfeuer Geschichten von deinen Safari-Abenteuern, bevor du zu den Kl\u00e4ngen des Busches in deinem Zwei-Personen-Zelt einschl\u00e4fst. Ein Koch bereitet k\u00f6stliche Mahlzeiten und unser Camp-Team k\u00fcmmert sich um alle notwendigen Angelegenheiten. Du \u00fcbernachtest auf einem \u00f6ffentlichen Campingplatz mit Gemeinschaftsdusch- und -toilettenr\u00e4umen.<\/p>","protected":false},"excerpt":{"rendered":"<p>Spend day and night in Tanzania\u2019s great outdoors. On a Tanzania camping safari, you can experience wildlife highlights and hidden gems. You overnight on public campsites in two-person dome tents. We provide high-quality tents and equipment. Our camp crew takes care of your every need: from setting up camp to cooking and doing the dishes. [&hellip;]<\/p>\n","protected":false},"author":5,"featured_media":17179,"parent":32,"menu_order":73,"comment_status":"closed","ping_status":"closed","template":"page-templates\/safari-single-page.php","meta":{"_acf_changed":false,"footnotes":""},"class_list":["post-1846","page","type-page","status-publish","has-post-thumbnail","hentry"],"acf":[],"_links":{"self":[{"href":"https:\/\/www.tanzania-experience.com\/de\/wp-json\/wp\/v2\/pages\/1846","targetHints":{"allow":["GET"]}}],"collection":[{"href":"https:\/\/www.tanzania-experience.com\/de\/wp-json\/wp\/v2\/pages"}],"about":[{"href":"https:\/\/www.tanzania-experience.com\/de\/wp-json\/wp\/v2\/types\/page"}],"author":[{"embeddable":true,"href":"https:\/\/www.tanzania-experience.com\/de\/wp-json\/wp\/v2\/users\/5"}],"replies":[{"embeddable":true,"href":"https:\/\/www.tanzania-experience.com\/de\/wp-json\/wp\/v2\/comments?post=1846"}],"version-history":[{"count":10,"href":"https:\/\/www.tanzania-experience.com\/de\/wp-json\/wp\/v2\/pages\/1846\/revisions"}],"predecessor-version":[{"id":21115,"href":"https:\/\/www.tanzania-experience.com\/de\/wp-json\/wp\/v2\/pages\/1846\/revisions\/21115"}],"up":[{"embeddable":true,"href":"https:\/\/www.tanzania-experience.com\/de\/wp-json\/wp\/v2\/pages\/32"}],"wp:featuredmedia":[{"embeddable":true,"href":"https:\/\/www.tanzania-experience.com\/de\/wp-json\/wp\/v2\/media\/17179"}],"wp:attachment":[{"href":"https:\/\/www.tanzania-experience.com\/de\/wp-json\/wp\/v2\/media?parent=1846"}],"curies":[{"name":"wp","href":"https:\/\/api.w.org\/{rel}","templated":true}]}}