{"id":2311,"date":"2023-10-04T09:12:02","date_gmt":"2023-10-04T07:12:02","guid":{"rendered":"https:\/\/www.tanzania-experience.com\/safaris\/luxury-copy\/"},"modified":"2025-07-16T15:35:19","modified_gmt":"2025-07-16T13:35:19","slug":"individualreisen","status":"publish","type":"page","link":"https:\/\/www.tanzania-experience.com\/de\/tailor-made\/","title":{"rendered":"Individuelle Safaris"},"content":{"rendered":"<p>Feiere einen der besonderen Momente deines Lebens mit einer ma\u00dfgeschneidertenTansania Safari. Gemeinsam mit einem unserer L\u00e4nderexperten kannst du jedes Detail deiner Traumsafari gestalten. Ob du von einer morgendlichen Hei\u00dfluftballon-Safari mit deinem Lebenspartner, einem Buschfr\u00fchst\u00fcck mit deiner Familie oder einem einsamen Beachresort auf Sansibar tr\u00e4umst - wir machen es m\u00f6glich.<\/p>","protected":false},"excerpt":{"rendered":"<p>From routing, and activities to dates and duration &#8211; on our tailor-made safaris in Tanzania, your dream becomes reality. Collaborate with one of our travel experts to design every detail of your dream safari. Whether you dream of a morning hot air balloon safari with your partner, a breakfast in the bush with your family [&hellip;]<\/p>\n","protected":false},"author":5,"featured_media":15365,"parent":0,"menu_order":70,"comment_status":"closed","ping_status":"closed","template":"page-templates\/safari-single-page.php","meta":{"_acf_changed":false,"footnotes":""},"class_list":["post-2311","page","type-page","status-publish","has-post-thumbnail","hentry"],"acf":[],"_links":{"self":[{"href":"https:\/\/www.tanzania-experience.com\/de\/wp-json\/wp\/v2\/pages\/2311","targetHints":{"allow":["GET"]}}],"collection":[{"href":"https:\/\/www.tanzania-experience.com\/de\/wp-json\/wp\/v2\/pages"}],"about":[{"href":"https:\/\/www.tanzania-experience.com\/de\/wp-json\/wp\/v2\/types\/page"}],"author":[{"embeddable":true,"href":"https:\/\/www.tanzania-experience.com\/de\/wp-json\/wp\/v2\/users\/5"}],"replies":[{"embeddable":true,"href":"https:\/\/www.tanzania-experience.com\/de\/wp-json\/wp\/v2\/comments?post=2311"}],"version-history":[{"count":11,"href":"https:\/\/www.tanzania-experience.com\/de\/wp-json\/wp\/v2\/pages\/2311\/revisions"}],"predecessor-version":[{"id":21103,"href":"https:\/\/www.tanzania-experience.com\/de\/wp-json\/wp\/v2\/pages\/2311\/revisions\/21103"}],"wp:featuredmedia":[{"embeddable":true,"href":"https:\/\/www.tanzania-experience.com\/de\/wp-json\/wp\/v2\/media\/15365"}],"wp:attachment":[{"href":"https:\/\/www.tanzania-experience.com\/de\/wp-json\/wp\/v2\/media?parent=2311"}],"curies":[{"name":"wp","href":"https:\/\/api.w.org\/{rel}","templated":true}]}}