{"id":2549,"date":"2023-09-05T08:24:52","date_gmt":"2023-09-05T06:24:52","guid":{"rendered":"https:\/\/www.tanzania-experience.com\/places-to-visit\/chobe-national-park-copy\/"},"modified":"2024-10-31T12:01:20","modified_gmt":"2024-10-31T11:01:20","slug":"mahale-mountains-nationalpark","status":"publish","type":"page","link":"https:\/\/www.tanzania-experience.com\/de\/destinations\/mahale-mountains-national-park\/","title":{"rendered":"Mahale Mountains Nationalpark"},"content":{"rendered":"<p>Der Mahale Mountains Nationalpark f\u00fchlt sich an wie ein M\u00e4rchentraumland, wo sich bewaldete Berge von den wei\u00dfen Sandstr\u00e4nden des Tanganyikasees erheben. Ein Sundowner auf einem Dhow-Segelschiff ist der beste Weg, die Aussichten auf dieses tropische Paradies zu genie\u00dfen. Erreichbar per Flugzeug und einer anschlie\u00dfenden Bootsfahrt kennt dieser abgeschiedene Park nur wenige Besucher \u2013 hier kannst du den Rest der Welt hinter dir lassen. Der bewaldete Park ist nur zu Fu\u00df zug\u00e4nglich. Entdecke Waldwasserf\u00e4lle und schwimme in den Pools. Beobachte die au\u00dfergew\u00f6hnliche Vogelwelt und mit einem bisschen Gl\u00fcck auch seltene Primaten wie Schimpansen. Entspanne, schnorchel oder tauche nach einer Waldwanderung.<\/p>","protected":false},"excerpt":{"rendered":"<p>Mahale feels like a fairytale dreamland where forested mountains rise away from the white sandy beaches of Lake Tanganyika. Sundowners on a dhow is the best way to take in the views of this tropical paradise. Accessed by plane and then boat, Mahale Mountains National Park is a remote park with very few visitors and [&hellip;]<\/p>\n","protected":false},"author":4,"featured_media":15069,"parent":35,"menu_order":114,"comment_status":"closed","ping_status":"closed","template":"page-templates\/where-to-go-single-page.php","meta":{"_acf_changed":false,"footnotes":""},"class_list":["post-2549","page","type-page","status-publish","has-post-thumbnail","hentry"],"acf":[],"_links":{"self":[{"href":"https:\/\/www.tanzania-experience.com\/de\/wp-json\/wp\/v2\/pages\/2549","targetHints":{"allow":["GET"]}}],"collection":[{"href":"https:\/\/www.tanzania-experience.com\/de\/wp-json\/wp\/v2\/pages"}],"about":[{"href":"https:\/\/www.tanzania-experience.com\/de\/wp-json\/wp\/v2\/types\/page"}],"author":[{"embeddable":true,"href":"https:\/\/www.tanzania-experience.com\/de\/wp-json\/wp\/v2\/users\/4"}],"replies":[{"embeddable":true,"href":"https:\/\/www.tanzania-experience.com\/de\/wp-json\/wp\/v2\/comments?post=2549"}],"version-history":[{"count":19,"href":"https:\/\/www.tanzania-experience.com\/de\/wp-json\/wp\/v2\/pages\/2549\/revisions"}],"predecessor-version":[{"id":20251,"href":"https:\/\/www.tanzania-experience.com\/de\/wp-json\/wp\/v2\/pages\/2549\/revisions\/20251"}],"up":[{"embeddable":true,"href":"https:\/\/www.tanzania-experience.com\/de\/wp-json\/wp\/v2\/pages\/35"}],"wp:featuredmedia":[{"embeddable":true,"href":"https:\/\/www.tanzania-experience.com\/de\/wp-json\/wp\/v2\/media\/15069"}],"wp:attachment":[{"href":"https:\/\/www.tanzania-experience.com\/de\/wp-json\/wp\/v2\/media?parent=2549"}],"curies":[{"name":"wp","href":"https:\/\/api.w.org\/{rel}","templated":true}]}}