{"id":2589,"date":"2023-09-05T09:28:37","date_gmt":"2023-09-05T07:28:37","guid":{"rendered":"https:\/\/www.tanzania-experience.com\/places-to-visit\/central-kalahari-game-reserve-copy\/"},"modified":"2024-10-31T11:59:16","modified_gmt":"2024-10-31T10:59:16","slug":"lake-manyara-nationalpark","status":"publish","type":"page","link":"https:\/\/www.tanzania-experience.com\/de\/destinations\/lake-manyara-national-park\/","title":{"rendered":"Lake Manyara Nationalpark"},"content":{"rendered":"<p>Der kleine Lake Manyara Nationalpark auf der n\u00f6rdlichen Safariroute ist ein idealer Zwischenstopp auf dem Weg zum Serengeti Nationalpark. Es ist ein wundersch\u00f6ner Ort f\u00fcr Naturliebhaber, um sich in den ersten Tagen einer Safari zu entspannen. L\u00f6wen leben hier. Aber sie k\u00f6nnen schwer zu entdecken sein. B\u00fcffel findest du in gro\u00dfen Mengen entlang der bewaldeten Ufer. Da sich hier einer der alkalischen Seen des Rift Valley befindet, kannst du saisonal zahlreiche Flamingos antreffen, die sich von den Algen im See ern\u00e4hren. Die Trockenzeit ist die beste Zeit f\u00fcr Wildtierbeobachtungen. Genie\u00dfe es, Zeit in der Natur zu verbringen, weg vom gesch\u00e4ftigen Stadtleben!<\/p>","protected":false},"excerpt":{"rendered":"<p>This small park on the Northern Circuit is an ideal stop-off on the way to the Serengeti National Park. It is a beautiful place for nature lovers to unwind on the first few days of a safari. Lions reside here, but they can be difficult to spot. Buffalo are a species found in large numbers [&hellip;]<\/p>\n","protected":false},"author":4,"featured_media":5917,"parent":35,"menu_order":113,"comment_status":"closed","ping_status":"closed","template":"page-templates\/where-to-go-single-page.php","meta":{"_acf_changed":false,"footnotes":""},"class_list":["post-2589","page","type-page","status-publish","has-post-thumbnail","hentry"],"acf":[],"_links":{"self":[{"href":"https:\/\/www.tanzania-experience.com\/de\/wp-json\/wp\/v2\/pages\/2589","targetHints":{"allow":["GET"]}}],"collection":[{"href":"https:\/\/www.tanzania-experience.com\/de\/wp-json\/wp\/v2\/pages"}],"about":[{"href":"https:\/\/www.tanzania-experience.com\/de\/wp-json\/wp\/v2\/types\/page"}],"author":[{"embeddable":true,"href":"https:\/\/www.tanzania-experience.com\/de\/wp-json\/wp\/v2\/users\/4"}],"replies":[{"embeddable":true,"href":"https:\/\/www.tanzania-experience.com\/de\/wp-json\/wp\/v2\/comments?post=2589"}],"version-history":[{"count":8,"href":"https:\/\/www.tanzania-experience.com\/de\/wp-json\/wp\/v2\/pages\/2589\/revisions"}],"predecessor-version":[{"id":20248,"href":"https:\/\/www.tanzania-experience.com\/de\/wp-json\/wp\/v2\/pages\/2589\/revisions\/20248"}],"up":[{"embeddable":true,"href":"https:\/\/www.tanzania-experience.com\/de\/wp-json\/wp\/v2\/pages\/35"}],"wp:featuredmedia":[{"embeddable":true,"href":"https:\/\/www.tanzania-experience.com\/de\/wp-json\/wp\/v2\/media\/5917"}],"wp:attachment":[{"href":"https:\/\/www.tanzania-experience.com\/de\/wp-json\/wp\/v2\/media?parent=2589"}],"curies":[{"name":"wp","href":"https:\/\/api.w.org\/{rel}","templated":true}]}}