{"id":3257,"date":"2021-09-28T16:30:24","date_gmt":"2021-09-28T14:30:24","guid":{"rendered":"https:\/\/www.tanzania-experience.com\/about-us\/camping-equipment\/"},"modified":"2024-01-04T11:11:43","modified_gmt":"2024-01-04T10:11:43","slug":"camping-equipment","status":"publish","type":"page","link":"https:\/\/www.tanzania-experience.com\/de\/about-us\/camping-equipment\/","title":{"rendered":"Camping Equipment"},"content":{"rendered":"<p>Wir bieten zwei Arten von Camping-Reisen an: Die luxuri\u00f6sere Option des Komfort-Campings im Mobile Explorer Camp und die back-to-basics Option der Adventure Camping Safaris. Bei beiden Reisearten musst du dich um nichts k\u00fcmmern, unser Team \u00fcbernimmt alle anfallenden Aufgaben im Camp. Wir stellen qualitativ hochwertiges Equipment zur Verf\u00fcgung: von Zelten, St\u00fchlen und Tischen bis zu Geschirr, Besteck und Kochutensilien.<\/p>","protected":false},"excerpt":{"rendered":"<p>Wir bieten zwei Arten von Camping-Reisen an: Die luxuri\u00f6sere Option des Komfort-Campings im Mobile Explorer Camp und die back-to-basics Option der Adventure Camping Safaris. Bei beiden Reisearten musst du dich um nichts k\u00fcmmern, unser Team \u00fcbernimmt alle anfallenden Aufgaben im Camp. Wir stellen qualitativ hochwertiges Equipment zur Verf\u00fcgung: von Zelten, St\u00fchlen und Tischen bis zu Geschirr, Besteck und Kochutensilien.<\/p>","protected":false},"author":1,"featured_media":18171,"parent":39,"menu_order":128,"comment_status":"closed","ping_status":"closed","template":"","meta":{"_acf_changed":false,"footnotes":""},"class_list":["post-3257","page","type-page","status-publish","has-post-thumbnail","hentry"],"acf":[],"_links":{"self":[{"href":"https:\/\/www.tanzania-experience.com\/de\/wp-json\/wp\/v2\/pages\/3257","targetHints":{"allow":["GET"]}}],"collection":[{"href":"https:\/\/www.tanzania-experience.com\/de\/wp-json\/wp\/v2\/pages"}],"about":[{"href":"https:\/\/www.tanzania-experience.com\/de\/wp-json\/wp\/v2\/types\/page"}],"author":[{"embeddable":true,"href":"https:\/\/www.tanzania-experience.com\/de\/wp-json\/wp\/v2\/users\/1"}],"replies":[{"embeddable":true,"href":"https:\/\/www.tanzania-experience.com\/de\/wp-json\/wp\/v2\/comments?post=3257"}],"version-history":[{"count":0,"href":"https:\/\/www.tanzania-experience.com\/de\/wp-json\/wp\/v2\/pages\/3257\/revisions"}],"up":[{"embeddable":true,"href":"https:\/\/www.tanzania-experience.com\/de\/wp-json\/wp\/v2\/pages\/39"}],"wp:featuredmedia":[{"embeddable":true,"href":"https:\/\/www.tanzania-experience.com\/de\/wp-json\/wp\/v2\/media\/18171"}],"wp:attachment":[{"href":"https:\/\/www.tanzania-experience.com\/de\/wp-json\/wp\/v2\/media?parent=3257"}],"curies":[{"name":"wp","href":"https:\/\/api.w.org\/{rel}","templated":true}]}}