{"id":40,"date":"2023-10-03T12:23:36","date_gmt":"2023-10-03T10:23:36","guid":{"rendered":"https:\/\/www.tanzania-experience.com\/safaris\/guided-lodge-safaris\/"},"modified":"2025-07-21T12:33:22","modified_gmt":"2025-07-21T10:33:22","slug":"lodge","status":"publish","type":"page","link":"https:\/\/www.tanzania-experience.com\/de\/safaris\/lodge\/","title":{"rendered":"Lodge Safaris"},"content":{"rendered":"<p>Gef\u00fchrte Lodge Safaris sind perfekt f\u00fcr die besonderen Momente im Leben. Nachdem du mit einem erfahrenen Guide einen weltber\u00fchmten Nationalpark erkundet hast, erreichst du eine private Lodge, wo du mit famili\u00e4rer Herzlichkeit empfangen wirst. Sobald du dich in deinem Zimmer mit Aussicht eingerichtet hast, genie\u00dft du anschlie\u00dfend ein k\u00f6stliches Abendessen. Kehre zur\u00fcck in dein gem\u00fctliches Zimmer und schlafe tief inmitten der Natur.<\/p>","protected":false},"excerpt":{"rendered":"<p>Gef\u00fchrte Lodge Safaris sind perfekt f\u00fcr die besonderen Momente im Leben. Nachdem du mit einem erfahrenen Guide einen weltber\u00fchmten Nationalpark erkundet hast, erreichst du eine private Lodge, wo du mit famili\u00e4rer Herzlichkeit empfangen wirst. Sobald du dich in deinem Zimmer mit Aussicht eingerichtet hast, genie\u00dft du anschlie\u00dfend ein k\u00f6stliches Abendessen. Kehre zur\u00fcck in dein gem\u00fctliches Zimmer und schlafe tief inmitten der Natur.<\/p>","protected":false},"author":4,"featured_media":15314,"parent":32,"menu_order":78,"comment_status":"closed","ping_status":"closed","template":"page-templates\/safari-single-page.php","meta":{"_acf_changed":false,"footnotes":""},"class_list":["post-40","page","type-page","status-publish","has-post-thumbnail","hentry"],"acf":[],"_links":{"self":[{"href":"https:\/\/www.tanzania-experience.com\/de\/wp-json\/wp\/v2\/pages\/40","targetHints":{"allow":["GET"]}}],"collection":[{"href":"https:\/\/www.tanzania-experience.com\/de\/wp-json\/wp\/v2\/pages"}],"about":[{"href":"https:\/\/www.tanzania-experience.com\/de\/wp-json\/wp\/v2\/types\/page"}],"author":[{"embeddable":true,"href":"https:\/\/www.tanzania-experience.com\/de\/wp-json\/wp\/v2\/users\/4"}],"replies":[{"embeddable":true,"href":"https:\/\/www.tanzania-experience.com\/de\/wp-json\/wp\/v2\/comments?post=40"}],"version-history":[{"count":14,"href":"https:\/\/www.tanzania-experience.com\/de\/wp-json\/wp\/v2\/pages\/40\/revisions"}],"predecessor-version":[{"id":21397,"href":"https:\/\/www.tanzania-experience.com\/de\/wp-json\/wp\/v2\/pages\/40\/revisions\/21397"}],"up":[{"embeddable":true,"href":"https:\/\/www.tanzania-experience.com\/de\/wp-json\/wp\/v2\/pages\/32"}],"wp:featuredmedia":[{"embeddable":true,"href":"https:\/\/www.tanzania-experience.com\/de\/wp-json\/wp\/v2\/media\/15314"}],"wp:attachment":[{"href":"https:\/\/www.tanzania-experience.com\/de\/wp-json\/wp\/v2\/media?parent=40"}],"curies":[{"name":"wp","href":"https:\/\/api.w.org\/{rel}","templated":true}]}}