{"id":5869,"date":"2023-09-06T16:34:33","date_gmt":"2023-09-06T14:34:33","guid":{"rendered":"https:\/\/www.tanzania-experience.com\/destinations\/mkomazi-national-park-copy\/"},"modified":"2024-10-31T12:02:31","modified_gmt":"2024-10-31T11:02:31","slug":"mount-kilimanjaro-nationalpark","status":"publish","type":"page","link":"https:\/\/www.tanzania-experience.com\/de\/destinations\/mount-kilimanjaro-national-park\/","title":{"rendered":"Mount Kilimanjaro Nationalpark"},"content":{"rendered":"<p>Die Mehrheit der Besucher im Mt Kilimanjaro Nationalpark hat ein Ziel vor Augen \u2013 die Spitze des h\u00f6chsten Berges Afrikas zu erklimmen. Dies ist auf einer Mount Kilimanjaro Bergwanderung m\u00f6glich. Wenn du jedoch tiefer eintauchst, wirst du verstehen, warum dieser Berg mit seinen f\u00fcnf verschiedenen Vegetationszonen und der einzigartigen Tierwelt zum UNESCO-Welterbe erkl\u00e4rt wurde. Der beste Weg, dies zu tun, ist, eine Tageswanderung zum Shira Plateau mitzumachen. Nach der Fahrt durch eine Baumzone, in der Primaten und V\u00f6gel residieren, beginnt die Wanderung auf einer H\u00f6he von 3.500 m. Genie\u00dfe fantastische Aussichten und ein unvergessliches Erlebnis in deinem eigenen Tempo.<\/p>","protected":false},"excerpt":{"rendered":"<p>The majority of visitors here have one goal in mind &#8211; to trek to the peak of Arica\u2019s highest mountain, which can be realised on a Mount Kilimanjaro trek. However, dig deeper and you will discover why this mountain with its five distinctive vegetative zones and unique wildlife was declared a UNESCO World Heritage Park. [&hellip;]<\/p>\n","protected":false},"author":4,"featured_media":14469,"parent":35,"menu_order":124,"comment_status":"closed","ping_status":"closed","template":"page-templates\/where-to-go-single-page.php","meta":{"_acf_changed":false,"footnotes":""},"class_list":["post-5869","page","type-page","status-publish","has-post-thumbnail","hentry"],"acf":[],"_links":{"self":[{"href":"https:\/\/www.tanzania-experience.com\/de\/wp-json\/wp\/v2\/pages\/5869","targetHints":{"allow":["GET"]}}],"collection":[{"href":"https:\/\/www.tanzania-experience.com\/de\/wp-json\/wp\/v2\/pages"}],"about":[{"href":"https:\/\/www.tanzania-experience.com\/de\/wp-json\/wp\/v2\/types\/page"}],"author":[{"embeddable":true,"href":"https:\/\/www.tanzania-experience.com\/de\/wp-json\/wp\/v2\/users\/4"}],"replies":[{"embeddable":true,"href":"https:\/\/www.tanzania-experience.com\/de\/wp-json\/wp\/v2\/comments?post=5869"}],"version-history":[{"count":5,"href":"https:\/\/www.tanzania-experience.com\/de\/wp-json\/wp\/v2\/pages\/5869\/revisions"}],"predecessor-version":[{"id":20255,"href":"https:\/\/www.tanzania-experience.com\/de\/wp-json\/wp\/v2\/pages\/5869\/revisions\/20255"}],"up":[{"embeddable":true,"href":"https:\/\/www.tanzania-experience.com\/de\/wp-json\/wp\/v2\/pages\/35"}],"wp:featuredmedia":[{"embeddable":true,"href":"https:\/\/www.tanzania-experience.com\/de\/wp-json\/wp\/v2\/media\/14469"}],"wp:attachment":[{"href":"https:\/\/www.tanzania-experience.com\/de\/wp-json\/wp\/v2\/media?parent=5869"}],"curies":[{"name":"wp","href":"https:\/\/api.w.org\/{rel}","templated":true}]}}