{"id":5871,"date":"2023-09-06T16:35:13","date_gmt":"2023-09-06T14:35:13","guid":{"rendered":"https:\/\/www.tanzania-experience.com\/destinations\/mount-kilimanjaro-national-park-copy\/"},"modified":"2024-10-31T12:04:12","modified_gmt":"2024-10-31T11:04:12","slug":"ngorongoro-krater","status":"publish","type":"page","link":"https:\/\/www.tanzania-experience.com\/de\/destinations\/ngorongoro-conservation-area\/","title":{"rendered":"Ngorongoro Krater"},"content":{"rendered":"<p>Der Ngorongoro Krater \u2013 ein H\u00f6hepunkt und weltber\u00fchmter Klassiker auf der n\u00f6rdlichen Safariroute: Fahre hinab auf den Grund des weltgr\u00f6\u00dften intakten Vulkankessels f\u00fcr eine der weltbesten Safaris im Ngorongoro Krater. Mit seinen 20 km Durchmesser kann dich die atemberaubende Landschaft aus offenen Ebenen, Seen und W\u00e4ldern sprachlos machen. Es ist ein Naturwunder auf der Nordroute und eine der beliebtesten Attraktionen in Tansania. Unz\u00e4hlige Wildtier- und Vogelarten leben in dieser fruchtbaren Oase. Sogar das Spitzmaulnashorn residiert hier und schafft damit die reale Chance, die Big 5 zu sehen. Nur Giraffen sind abwesend, was vermutlich an den f\u00fcr ihre langen Beine zu steilen Kraterw\u00e4nden liegt.<\/p>","protected":false},"excerpt":{"rendered":"<p>A highlight and world-renowned classic on the Northern Safari Circuit: Descend to the bottom of the world\u2019s largest intact caldera to see some of the world\u2019s best wildlife in the Ngorongoro Crater. 20 km in diameter this incredible landscape with open plains, lakes and woodlands can leave you speechless. It is a natural wonder on [&hellip;]<\/p>\n","protected":false},"author":4,"featured_media":14491,"parent":35,"menu_order":123,"comment_status":"closed","ping_status":"closed","template":"page-templates\/where-to-go-single-page.php","meta":{"_acf_changed":false,"footnotes":""},"class_list":["post-5871","page","type-page","status-publish","has-post-thumbnail","hentry"],"acf":[],"_links":{"self":[{"href":"https:\/\/www.tanzania-experience.com\/de\/wp-json\/wp\/v2\/pages\/5871","targetHints":{"allow":["GET"]}}],"collection":[{"href":"https:\/\/www.tanzania-experience.com\/de\/wp-json\/wp\/v2\/pages"}],"about":[{"href":"https:\/\/www.tanzania-experience.com\/de\/wp-json\/wp\/v2\/types\/page"}],"author":[{"embeddable":true,"href":"https:\/\/www.tanzania-experience.com\/de\/wp-json\/wp\/v2\/users\/4"}],"replies":[{"embeddable":true,"href":"https:\/\/www.tanzania-experience.com\/de\/wp-json\/wp\/v2\/comments?post=5871"}],"version-history":[{"count":9,"href":"https:\/\/www.tanzania-experience.com\/de\/wp-json\/wp\/v2\/pages\/5871\/revisions"}],"predecessor-version":[{"id":20256,"href":"https:\/\/www.tanzania-experience.com\/de\/wp-json\/wp\/v2\/pages\/5871\/revisions\/20256"}],"up":[{"embeddable":true,"href":"https:\/\/www.tanzania-experience.com\/de\/wp-json\/wp\/v2\/pages\/35"}],"wp:featuredmedia":[{"embeddable":true,"href":"https:\/\/www.tanzania-experience.com\/de\/wp-json\/wp\/v2\/media\/14491"}],"wp:attachment":[{"href":"https:\/\/www.tanzania-experience.com\/de\/wp-json\/wp\/v2\/media?parent=5871"}],"curies":[{"name":"wp","href":"https:\/\/api.w.org\/{rel}","templated":true}]}}