{"id":5873,"date":"2023-09-06T16:35:34","date_gmt":"2023-09-06T14:35:34","guid":{"rendered":"https:\/\/www.tanzania-experience.com\/destinations\/ngorongoro-conservation-area-copy\/"},"modified":"2024-10-31T12:04:37","modified_gmt":"2024-10-31T11:04:37","slug":"ruaha-nationalpark","status":"publish","type":"page","link":"https:\/\/www.tanzania-experience.com\/de\/destinations\/ruaha-national-park\/","title":{"rendered":"Ruaha Nationalpark"},"content":{"rendered":"<p>Auf der S\u00fcdroute gelegen ist dieser Park f\u00fcr Leute geeignet, die hoffen, gro\u00dfartige Tierwelt bei gleichzeitig weniger Besuchern zu entdecken. Der Park ist die Grenze, oder Schmelztiegel, zwischen zwei Arten von Flora und Fauna \u2013 du kannst hier Pflanzen und Tiere des \u00f6stlichen und s\u00fcdlichen Afrikas sehen. Eine beinahe unvorstellbare Menge von ~1650 Pflanzenarten konnten hier identifiziert werden. Unn\u00f6tig zu sagen, dass die Wildtier- und Vogelwelt herausragend ist. Das gilt besonders w\u00e4hrend der Trockenzeit, wenn der Ruaha-Fluss eine unglaubliche Anzahl an Raub- und Beutetieren an seine Ufer lockt und dir nervenaufreibende Momente von Leben und Tod beschert. Du kannst auch riesige Elefantenherden antreffen, die sich im Schatten \u00fcbergro\u00dfer Baobab-B\u00e4ume wiegen. Da Ruaha nicht auf der popul\u00e4ren Nordroute liegt, kommen nur wenige Besucher hierher, obwohl es eine Top-Safari-Destination ist.<\/p>","protected":false},"excerpt":{"rendered":"<p>Located on the Southern Circuit Ruaha National Park is for people hoping to discover amazing wildlife with fewer visitors. The park is the border, or melting pot, between two sets of fauna and flora &#8211; you will find plants and wildlife of Eastern as well as Southern Africa in Ruaha. An almost unimaginable ~1650 plant [&hellip;]<\/p>\n","protected":false},"author":4,"featured_media":14545,"parent":35,"menu_order":122,"comment_status":"closed","ping_status":"closed","template":"page-templates\/where-to-go-single-page.php","meta":{"_acf_changed":false,"footnotes":""},"class_list":["post-5873","page","type-page","status-publish","has-post-thumbnail","hentry"],"acf":[],"_links":{"self":[{"href":"https:\/\/www.tanzania-experience.com\/de\/wp-json\/wp\/v2\/pages\/5873","targetHints":{"allow":["GET"]}}],"collection":[{"href":"https:\/\/www.tanzania-experience.com\/de\/wp-json\/wp\/v2\/pages"}],"about":[{"href":"https:\/\/www.tanzania-experience.com\/de\/wp-json\/wp\/v2\/types\/page"}],"author":[{"embeddable":true,"href":"https:\/\/www.tanzania-experience.com\/de\/wp-json\/wp\/v2\/users\/4"}],"replies":[{"embeddable":true,"href":"https:\/\/www.tanzania-experience.com\/de\/wp-json\/wp\/v2\/comments?post=5873"}],"version-history":[{"count":4,"href":"https:\/\/www.tanzania-experience.com\/de\/wp-json\/wp\/v2\/pages\/5873\/revisions"}],"predecessor-version":[{"id":20258,"href":"https:\/\/www.tanzania-experience.com\/de\/wp-json\/wp\/v2\/pages\/5873\/revisions\/20258"}],"up":[{"embeddable":true,"href":"https:\/\/www.tanzania-experience.com\/de\/wp-json\/wp\/v2\/pages\/35"}],"wp:featuredmedia":[{"embeddable":true,"href":"https:\/\/www.tanzania-experience.com\/de\/wp-json\/wp\/v2\/media\/14545"}],"wp:attachment":[{"href":"https:\/\/www.tanzania-experience.com\/de\/wp-json\/wp\/v2\/media?parent=5873"}],"curies":[{"name":"wp","href":"https:\/\/api.w.org\/{rel}","templated":true}]}}