{"id":5877,"date":"2023-09-06T16:37:11","date_gmt":"2023-09-06T14:37:11","guid":{"rendered":"https:\/\/www.tanzania-experience.com\/destinations\/saadani-national-park-copy\/"},"modified":"2024-10-31T12:04:58","modified_gmt":"2024-10-31T11:04:58","slug":"selous-game-reserve-nyerere-nationalpark","status":"publish","type":"page","link":"https:\/\/www.tanzania-experience.com\/de\/destinations\/selous-game-reserve-nyerere-national-park\/","title":{"rendered":"Selous &amp; Nyerere Nationalpark"},"content":{"rendered":"<p>Das Selous Wildschutzgebiet und der Nyerere Nationalpark gelten als eines der gr\u00f6\u00dften verbliebenen Wildnisgebiete Afrikas. Die Miombo-W\u00e4lder sind die Heimat einer gr\u00f6\u00dferen Vielfalt und Dichte von Arten als irgendwo sonst. Dank dieser Qualit\u00e4ten wurde das Wildnisgebiet zum UNESCO-Welterbe erkl\u00e4rt. Es ist m\u00f6glich, die Big 5 auf Pirschfahrten, Bootsafaris und gef\u00fchrten Wanderungen ebenso zu sehen wie auch einige der gr\u00f6\u00dften Populationen von Elefanten, B\u00fcffeln, Flusspferden und sogar L\u00f6wen. Die seltenen Spitzmaulnash\u00f6rner und Wildhunde zu entdecken, ist \u2013 wie immer \u2013 etwas schwieriger. Dank seiner Lage in Tansanias S\u00fcden kommen weniger Besucher hierher; da das Gebiet zudem auch noch unglaublich gro\u00df ist, f\u00fchlt sich eine Safari in Nyerere und Selous nie \u00fcberlaufen an.<\/p>","protected":false},"excerpt":{"rendered":"<p>The Selous Game Reserve and Nyerere National Park have been described as one of the largest remaining wildernesses in Africa. The Miombo woodlands are home to a higher diversity and density of species than anywhere else. Thanks to these qualities it was declared a UNESCO World Heritage Site. It is possible to see the Big [&hellip;]<\/p>\n","protected":false},"author":4,"featured_media":15041,"parent":35,"menu_order":120,"comment_status":"closed","ping_status":"closed","template":"page-templates\/where-to-go-single-page.php","meta":{"_acf_changed":false,"footnotes":""},"class_list":["post-5877","page","type-page","status-publish","has-post-thumbnail","hentry"],"acf":[],"_links":{"self":[{"href":"https:\/\/www.tanzania-experience.com\/de\/wp-json\/wp\/v2\/pages\/5877","targetHints":{"allow":["GET"]}}],"collection":[{"href":"https:\/\/www.tanzania-experience.com\/de\/wp-json\/wp\/v2\/pages"}],"about":[{"href":"https:\/\/www.tanzania-experience.com\/de\/wp-json\/wp\/v2\/types\/page"}],"author":[{"embeddable":true,"href":"https:\/\/www.tanzania-experience.com\/de\/wp-json\/wp\/v2\/users\/4"}],"replies":[{"embeddable":true,"href":"https:\/\/www.tanzania-experience.com\/de\/wp-json\/wp\/v2\/comments?post=5877"}],"version-history":[{"count":9,"href":"https:\/\/www.tanzania-experience.com\/de\/wp-json\/wp\/v2\/pages\/5877\/revisions"}],"predecessor-version":[{"id":20259,"href":"https:\/\/www.tanzania-experience.com\/de\/wp-json\/wp\/v2\/pages\/5877\/revisions\/20259"}],"up":[{"embeddable":true,"href":"https:\/\/www.tanzania-experience.com\/de\/wp-json\/wp\/v2\/pages\/35"}],"wp:featuredmedia":[{"embeddable":true,"href":"https:\/\/www.tanzania-experience.com\/de\/wp-json\/wp\/v2\/media\/15041"}],"wp:attachment":[{"href":"https:\/\/www.tanzania-experience.com\/de\/wp-json\/wp\/v2\/media?parent=5877"}],"curies":[{"name":"wp","href":"https:\/\/api.w.org\/{rel}","templated":true}]}}