{"id":5885,"date":"2023-09-06T16:39:30","date_gmt":"2023-09-06T14:39:30","guid":{"rendered":"https:\/\/www.tanzania-experience.com\/destinations\/udzungwa-mountains-national-park-copy\/"},"modified":"2024-10-31T12:00:52","modified_gmt":"2024-10-31T11:00:52","slug":"lake-natron-ol-doinyo-lengai","status":"publish","type":"page","link":"https:\/\/www.tanzania-experience.com\/de\/destinations\/lake-natron-ol-doinyo-lengai\/","title":{"rendered":"Lake Natron &amp; Ol Doinyo Lengai"},"content":{"rendered":"<p>Es ist ein Abenteuer jenseits der ausgetretenen Touristenpfade nicht weit von der beliebten Safari-Nordroute. Hei\u00df, staubig und abgelegen: der Natronsee zeigt dir eine irreale Landschaft, die Fotografen zum Staunen bringt. W\u00e4hrend der Trockenzeit l\u00f6st die Verdampfung des Natronsee-Wassers eine Algenreaktion aus, welche den riesigen alkalinen See rot f\u00e4rbt. Ein Ph\u00e4nomen, das aus dem Weltraum gesehen werden kann. Wenn V\u00f6gel oder andere Tiere dieses toxische Seewasser trinken, sterben sie. Flamingos sind die Ausnahme. Angepasst an die Lebensbedingungen in dieser feindlichen Umwelt kommen ~2.5 Millionen Flamingos zum Br\u00fcten hierher. Pinke Flamingos ern\u00e4hren sich von den Algen, w\u00e4hrend sich die beeindruckende Gestalt des Ol Doinyo Lengai im Hintergrund erhebt \u2013 ein Vulkan, der Heimat des Maasai-Gottes Ngai ist.<\/p>","protected":false},"excerpt":{"rendered":"<p>An off the beaten track adventure not far from the popular Northern Circuit. Hot, dusty, and outer worldly: Lake Natron and its surroundings show you an unreal landscape that photographers will adore. During the dry season evaporation from Lake Nation triggers an algae reaction that turns this huge alkaline lake red. A phenomenon that can [&hellip;]<\/p>\n","protected":false},"author":4,"featured_media":14594,"parent":35,"menu_order":117,"comment_status":"closed","ping_status":"closed","template":"page-templates\/where-to-go-single-page.php","meta":{"_acf_changed":false,"footnotes":""},"class_list":["post-5885","page","type-page","status-publish","has-post-thumbnail","hentry"],"acf":[],"_links":{"self":[{"href":"https:\/\/www.tanzania-experience.com\/de\/wp-json\/wp\/v2\/pages\/5885","targetHints":{"allow":["GET"]}}],"collection":[{"href":"https:\/\/www.tanzania-experience.com\/de\/wp-json\/wp\/v2\/pages"}],"about":[{"href":"https:\/\/www.tanzania-experience.com\/de\/wp-json\/wp\/v2\/types\/page"}],"author":[{"embeddable":true,"href":"https:\/\/www.tanzania-experience.com\/de\/wp-json\/wp\/v2\/users\/4"}],"replies":[{"embeddable":true,"href":"https:\/\/www.tanzania-experience.com\/de\/wp-json\/wp\/v2\/comments?post=5885"}],"version-history":[{"count":14,"href":"https:\/\/www.tanzania-experience.com\/de\/wp-json\/wp\/v2\/pages\/5885\/revisions"}],"predecessor-version":[{"id":20249,"href":"https:\/\/www.tanzania-experience.com\/de\/wp-json\/wp\/v2\/pages\/5885\/revisions\/20249"}],"up":[{"embeddable":true,"href":"https:\/\/www.tanzania-experience.com\/de\/wp-json\/wp\/v2\/pages\/35"}],"wp:featuredmedia":[{"embeddable":true,"href":"https:\/\/www.tanzania-experience.com\/de\/wp-json\/wp\/v2\/media\/14594"}],"wp:attachment":[{"href":"https:\/\/www.tanzania-experience.com\/de\/wp-json\/wp\/v2\/media?parent=5885"}],"curies":[{"name":"wp","href":"https:\/\/api.w.org\/{rel}","templated":true}]}}