{"id":673,"date":"2021-07-16T11:58:15","date_gmt":"2021-07-16T09:58:15","guid":{"rendered":"https:\/\/www.tanzania-experience.com\/safaris\/day-trips\/safari-test-copy-copy\/"},"modified":"2024-10-31T11:58:28","modified_gmt":"2024-10-31T10:58:28","slug":"arusha-nationalpark","status":"publish","type":"page","link":"https:\/\/www.tanzania-experience.com\/de\/destinations\/arusha-national-park\/","title":{"rendered":"Arusha Nationalpark"},"content":{"rendered":"<p>Nur 50 km von Arusha entfernt bietet der Arusha Nationalpark einzigartige Aktivit\u00e4ten in der Natur, einschlie\u00dflich <a href=\"https:\/\/www.tanzania-experience.com\/de\/trekking\/mount-meru\/\">Wanderungen auf den Mount Meru<\/a>. Die geringe Anzahl von Raubtieren erlaubt es dir, auf einem gef\u00fchrten Bush Walk alle Ecken des Parks kennen zu lernen. Jede Wegbiegung verschafft dir gro\u00dfartige Ausblicke auf Mount Kilimanjaro und Mount Meru. Laufe an B\u00fcffelherden und Giraffen vorbei zum Tululusia Wasserfall, zum Ngurdoto Krater und zu atemberaubenden Aussichtspunkten. Gef\u00fchrte Kanusafaris auf dem Momellasee sind ein weiterer H\u00f6hepunkt. Paddel sanft vor dich hin und beobachte die Flusspferde, w\u00e4hrend \u00fcber dir Schreiseeadler rufen. Du kannst am Ufer watenden Wasserb\u00f6cken, Zebras und Warzenschweinen zusehen. Und die ~400 Vogelarten erm\u00f6glichen gro\u00dfartige Vogelbeobachtungen.<\/p>","protected":false},"excerpt":{"rendered":"<p>Only 50km from Arusha this park offers unique activities to explore nature, including trekking Mount Meru. Low predator numbers mean that you can experience every corner of the park during a guided walk. Every turn provides you with amazing views of Mount Kilimanjaro and Mount Meru. Walk past herds of buffalo and giraffes to Tululusia [&hellip;]<\/p>\n","protected":false},"author":4,"featured_media":5891,"parent":35,"menu_order":110,"comment_status":"closed","ping_status":"closed","template":"page-templates\/where-to-go-single-page.php","meta":{"_acf_changed":false,"footnotes":""},"class_list":["post-673","page","type-page","status-publish","has-post-thumbnail","hentry"],"acf":[],"_links":{"self":[{"href":"https:\/\/www.tanzania-experience.com\/de\/wp-json\/wp\/v2\/pages\/673","targetHints":{"allow":["GET"]}}],"collection":[{"href":"https:\/\/www.tanzania-experience.com\/de\/wp-json\/wp\/v2\/pages"}],"about":[{"href":"https:\/\/www.tanzania-experience.com\/de\/wp-json\/wp\/v2\/types\/page"}],"author":[{"embeddable":true,"href":"https:\/\/www.tanzania-experience.com\/de\/wp-json\/wp\/v2\/users\/4"}],"replies":[{"embeddable":true,"href":"https:\/\/www.tanzania-experience.com\/de\/wp-json\/wp\/v2\/comments?post=673"}],"version-history":[{"count":7,"href":"https:\/\/www.tanzania-experience.com\/de\/wp-json\/wp\/v2\/pages\/673\/revisions"}],"predecessor-version":[{"id":20828,"href":"https:\/\/www.tanzania-experience.com\/de\/wp-json\/wp\/v2\/pages\/673\/revisions\/20828"}],"up":[{"embeddable":true,"href":"https:\/\/www.tanzania-experience.com\/de\/wp-json\/wp\/v2\/pages\/35"}],"wp:featuredmedia":[{"embeddable":true,"href":"https:\/\/www.tanzania-experience.com\/de\/wp-json\/wp\/v2\/media\/5891"}],"wp:attachment":[{"href":"https:\/\/www.tanzania-experience.com\/de\/wp-json\/wp\/v2\/media?parent=673"}],"curies":[{"name":"wp","href":"https:\/\/api.w.org\/{rel}","templated":true}]}}